{"id":4400,"date":"2021-10-12T15:51:09","date_gmt":"2021-10-12T15:51:09","guid":{"rendered":"http:\/\/dummy.xtemos.com\/woodmart2\/elementor\/?page_id=4400"},"modified":"2024-11-23T10:46:12","modified_gmt":"2024-11-23T10:46:12","slug":"about-us-3","status":"publish","type":"page","link":"https:\/\/saintedeco.net\/index.php\/about-us-3\/","title":{"rendered":"About us"},"content":{"rendered":"\t\t<div data-elementor-type=\"wp-page\" data-elementor-id=\"4400\" class=\"elementor elementor-4400\">\n\t\t\t\t<div class=\"wd-negative-gap elementor-element elementor-element-1c90c3f wd-section-stretch e-flex e-con-boxed e-con e-parent\" data-id=\"1c90c3f\" data-element_type=\"container\" data-settings=\"{&quot;background_background&quot;:&quot;classic&quot;}\">\n\t\t\t\t\t<div class=\"e-con-inner\">\n\t\t\t\t\t<\/div>\n\t\t\t\t<\/div>\n\t\t<div class=\"wd-negative-gap elementor-element elementor-element-7c7c544 e-flex e-con-boxed e-con e-parent\" data-id=\"7c7c544\" data-element_type=\"container\">\n\t\t\t\t\t<div class=\"e-con-inner\">\n\t\t<div class=\"elementor-element elementor-element-e7cb5cd e-con-full e-flex e-con e-child\" data-id=\"e7cb5cd\" data-element_type=\"container\">\n\t\t\t\t<div class=\"elementor-element elementor-element-56aec39 elementor-widget elementor-widget-wd_image_or_svg\" data-id=\"56aec39\" data-element_type=\"widget\" data-widget_type=\"wd_image_or_svg.default\">\n\t\t\t\t<div class=\"elementor-widget-container\">\n\t\t\t\n\t\t<div class=\"wd-image text-left\">\n\t\t\t\t\t\t\t\t<img fetchpriority=\"high\" decoding=\"async\" width=\"2048\" height=\"1365\" src=\"https:\/\/saintedeco.net\/wp-content\/uploads\/2024\/11\/452170380_1014903170644450_1197022820132614667_n.jpg\" class=\"attachment-full size-full\" alt=\"\" srcset=\"https:\/\/saintedeco.net\/wp-content\/uploads\/2024\/11\/452170380_1014903170644450_1197022820132614667_n.jpg 2048w, https:\/\/saintedeco.net\/wp-content\/uploads\/2024\/11\/452170380_1014903170644450_1197022820132614667_n-400x267.jpg 400w, https:\/\/saintedeco.net\/wp-content\/uploads\/2024\/11\/452170380_1014903170644450_1197022820132614667_n-1200x800.jpg 1200w, https:\/\/saintedeco.net\/wp-content\/uploads\/2024\/11\/452170380_1014903170644450_1197022820132614667_n-768x512.jpg 768w, https:\/\/saintedeco.net\/wp-content\/uploads\/2024\/11\/452170380_1014903170644450_1197022820132614667_n-1536x1024.jpg 1536w, https:\/\/saintedeco.net\/wp-content\/uploads\/2024\/11\/452170380_1014903170644450_1197022820132614667_n-430x287.jpg 430w, https:\/\/saintedeco.net\/wp-content\/uploads\/2024\/11\/452170380_1014903170644450_1197022820132614667_n-700x467.jpg 700w, https:\/\/saintedeco.net\/wp-content\/uploads\/2024\/11\/452170380_1014903170644450_1197022820132614667_n-150x100.jpg 150w\" sizes=\"(max-width: 2048px) 100vw, 2048px\" \/>\t\t\t\t\t<\/div>\n\n\t\t\t\t<\/div>\n\t\t\t\t<\/div>\n\t\t\t\t<\/div>\n\t\t<div class=\"elementor-element elementor-element-97d6084 e-con-full e-flex e-con e-child\" data-id=\"97d6084\" data-element_type=\"container\">\n\t\t\t\t<div class=\"elementor-element elementor-element-98d830b elementor-widget__width-initial wd-width-100 elementor-widget elementor-widget-wd_title\" data-id=\"98d830b\" data-element_type=\"widget\" data-widget_type=\"wd_title.default\">\n\t\t\t\t<div class=\"elementor-widget-container\">\n\t\t\t\t\t<div class=\"title-wrapper set-mb-s reset-last-child wd-title-color-primary wd-title-style-default wd-title-size-large text-left\">\n\n\t\t\t\t\t\t\t<div class=\"title-subtitle subtitle-color-primary subtitle-style-default wd-fontsize-xs\">\n\t\t\t\t\t \t\t\t\t<\/div>\n\t\t\t\n\t\t\t<div class=\"liner-continer\">\n\t\t\t\t<h4 class=\"woodmart-title-container title wd-fontsize-xxl\">A propos de SAINTEDECO<\/h4> \n\t\t\t\t\t\t\t<\/div>\n\n\t\t\t\t\t\t\t<div class=\"title-after_title set-cont-mb-s reset-last-child wd-fontsize-s\">\n\t\t\t\t\t<p><i>\u00a0<\/i><\/p><p>DEPUIS 2019, NOUS ORGANISONS LE SALON INTERNATIONAL DE LA DECORATION D'ABIDJAN<\/p>\t\t\t\t<\/div>\n\t\t\t\t\t<\/div>\n\t\t\t\t<\/div>\n\t\t\t\t<\/div>\n\t\t\t\t<div class=\"elementor-element elementor-element-66e47ad elementor-widget elementor-widget-wd_text_block\" data-id=\"66e47ad\" data-element_type=\"widget\" data-widget_type=\"wd_text_block.default\">\n\t\t\t\t<div class=\"elementor-widget-container\">\n\t\t\t\t\t<div class=\"wd-text-block reset-last-child text-left\">\n\t\t\t\n\t\t\t<p>Chaque \u00e9dition de SAINTEDECO caract\u00e9ris\u00e9e par un th\u00e8me qui est la base de la cr\u00e9ativit\u00e9 des participants et des createurs. le th\u00e8me soutant egalement les Masterclass, les panels ; ainsi que les ateliers\u00a0<\/p>\n\t\t\t\t\t<\/div>\n\t\t\t\t<\/div>\n\t\t\t\t<\/div>\n\t\t\t\t<\/div>\n\t\t\t\t\t<\/div>\n\t\t\t\t<\/div>\n\t\t<div class=\"wd-negative-gap elementor-element elementor-element-0650961 e-flex e-con-boxed e-con e-parent\" data-id=\"0650961\" data-element_type=\"container\">\n\t\t\t\t\t<div class=\"e-con-inner\">\n\t\t<div class=\"elementor-element elementor-element-ac9b3bd e-con-full e-flex e-con e-child\" data-id=\"ac9b3bd\" data-element_type=\"container\">\n\t\t\t\t<\/div>\n\t\t<div class=\"elementor-element elementor-element-39c87a3 e-con-full e-flex e-con e-child\" data-id=\"39c87a3\" data-element_type=\"container\">\n\t\t\t\t<div class=\"elementor-element elementor-element-99912ea elementor-widget-mobile__width-inherit elementor-widget elementor-widget-wd_team_member\" data-id=\"99912ea\" data-element_type=\"widget\" data-widget_type=\"wd_team_member.default\">\n\t\t\t\t<div class=\"elementor-widget-container\">\n\t\t\t\t\t<div class=\"team-member member-layout-default text-center\">\n\t\t\t\t\t\t\t<div class=\"member-image-wrapper\">\n\t\t\t\t\t<div class=\"member-image\">\n\t\t\t\t\t\t<img decoding=\"async\" width=\"1445\" height=\"2048\" src=\"https:\/\/saintedeco.net\/wp-content\/uploads\/2024\/11\/dem.jpg\" class=\"attachment-full size-full\" alt=\"\" srcset=\"https:\/\/saintedeco.net\/wp-content\/uploads\/2024\/11\/dem.jpg 1445w, https:\/\/saintedeco.net\/wp-content\/uploads\/2024\/11\/dem-212x300.jpg 212w, https:\/\/saintedeco.net\/wp-content\/uploads\/2024\/11\/dem-564x800.jpg 564w, https:\/\/saintedeco.net\/wp-content\/uploads\/2024\/11\/dem-768x1088.jpg 768w, https:\/\/saintedeco.net\/wp-content\/uploads\/2024\/11\/dem-1084x1536.jpg 1084w, https:\/\/saintedeco.net\/wp-content\/uploads\/2024\/11\/dem-430x609.jpg 430w, https:\/\/saintedeco.net\/wp-content\/uploads\/2024\/11\/dem-700x992.jpg 700w, https:\/\/saintedeco.net\/wp-content\/uploads\/2024\/11\/dem-150x213.jpg 150w\" sizes=\"(max-width: 1445px) 100vw, 1445px\" \/>\t\t\t\t\t<\/div>\n\t\t\t\t<\/div>\n\t\t\t\n\t\t\t<div class=\"member-details set-mb-s reset-last-child\">\n\t\t\t\t\t\t\t\t\t<h4 class=\"member-name\">\n\t\t\t\t\t\tMr et Mme DEMBELE\t\t\t\t\t<\/h4>\n\t\t\t\t\n\t\t\t\t\t\t\t\t\t<div class=\"member-position\">\n\t\t\t\t\t\tCEO \/ FOUNDERS\t\t\t\t\t<\/div>\n\t\t\t\t\n\t\t\t\t\n\t\t\t\t\t\t<div class=\"member-social\">\n\t\t\t<div class=\"wd-social-icons  icons-design-colored icons-size-small social-form-circle\">\n\t\t\t\t\t\t\t\t\t<a rel=\"noopener noreferrer nofollow\" class=\"wd-social-icon social-facebook\" href=\"https:\/\/www.facebook.com\/saintedeco\">\n\t\t\t\t\t\t<span class=\"wd-icon\"><\/span>\n\t\t\t\t\t<\/a>\n\t\t\t\t\n\t\t\t\t\n\t\t\t\t\n\t\t\t\t\n\t\t\t\t\t\t\t\t\t<a rel=\"noopener noreferrer nofollow\" class=\"wd-social-icon social-instagram\" href=\"https:\/\/www.instagram.com\/saintedecoabidjan?utm_source=ig_web_button_share_sheet&#038;igsh=ZDNlZDc0MzIxNw==\">\n\t\t\t\t\t\t<span class=\"wd-icon\"><\/span>\n\t\t\t\t\t<\/a>\n\t\t\t\t\t\t\t<\/div>\n\t\t<\/div>\n\t\t\t\t\t<\/div>\n\t\t<\/div>\n\t\t\t\t<\/div>\n\t\t\t\t<\/div>\n\t\t\t\t<\/div>\n\t\t<div class=\"elementor-element elementor-element-b6ce8a8 e-con-full e-flex e-con e-child\" data-id=\"b6ce8a8\" data-element_type=\"container\">\n\t\t\t\t<div class=\"elementor-element elementor-element-d66a211 wd-width-100 elementor-widget elementor-widget-wd_title\" data-id=\"d66a211\" data-element_type=\"widget\" data-widget_type=\"wd_title.default\">\n\t\t\t\t<div class=\"elementor-widget-container\">\n\t\t\t\t\t<div class=\"title-wrapper set-mb-s reset-last-child wd-title-color-primary wd-title-style-default wd-title-size-large text-center\">\n\n\t\t\t\t\t\t\t<div class=\"title-subtitle subtitle-color-primary subtitle-style-default wd-fontsize-xs\">\n\t\t\t\t\tUn mot sur nous \t\t\t\t<\/div>\n\t\t\t\n\t\t\t<div class=\"liner-continer\">\n\t\t\t\t<h4 class=\"woodmart-title-container title wd-fontsize-xxl\">NOTRE EQUIPE<\/h4> \n\t\t\t\t\t\t\t<\/div>\n\n\t\t\t\t\t\t\t<div class=\"title-after_title set-cont-mb-s reset-last-child wd-fontsize-s\">\n\t\t\t\t\t<p>SAINTEDECO est\u00a0 un \u00e9v\u00e8nement\u00a0 produit par\u00a0<a href=\"http:\/\/2seservices.com\"> 2S&amp;E SERVICES <\/a>. UNE soci\u00e9t\u00e9 d'Equipement de Services et d Ev\u00e8nementiels.\u00a0 le Staff de <a href=\"http:\/\/2seservices.com\"> 2S&amp;E SERVICES<\/a> est dirig\u00e9 par <strong>Mr DEMBELE ALASSANE<\/strong> ET SON <strong>EPOUSE MME DEMBELE LAURENCE<\/strong><\/p>\t\t\t\t<\/div>\n\t\t\t\t\t<\/div>\n\t\t\t\t<\/div>\n\t\t\t\t<\/div>\n\t\t\t\t<\/div>\n\t\t<div class=\"elementor-element elementor-element-d7c067f e-con-full e-flex e-con e-child\" data-id=\"d7c067f\" data-element_type=\"container\">\n\t\t\t\t<\/div>\n\t\t\t\t\t<\/div>\n\t\t\t\t<\/div>\n\t\t<div class=\"wd-negative-gap elementor-element elementor-element-eafc045 e-flex e-con-boxed e-con e-parent\" data-id=\"eafc045\" data-element_type=\"container\">\n\t\t\t\t\t<div class=\"e-con-inner\">\n\t\t<div class=\"wd-negative-gap elementor-element elementor-element-64bdd4a e-flex e-con-boxed e-con e-child\" data-id=\"64bdd4a\" data-element_type=\"container\">\n\t\t\t\t\t<div class=\"e-con-inner\">\n\t\t\t\t\t<\/div>\n\t\t\t\t<\/div>\n\t\t\t\t\t<\/div>\n\t\t\t\t<\/div>\n\t\t<div class=\"wd-negative-gap elementor-element elementor-element-b03ec18 e-flex e-con-boxed e-con e-parent\" data-id=\"b03ec18\" data-element_type=\"container\">\n\t\t\t\t\t<div class=\"e-con-inner\">\n\t\t<div class=\"elementor-element elementor-element-23fee84 e-con-full e-flex e-con e-child\" data-id=\"23fee84\" data-element_type=\"container\">\n\t\t\t\t<\/div>\n\t\t<div class=\"elementor-element elementor-element-dbc7a89 e-con-full e-flex e-con e-child\" data-id=\"dbc7a89\" data-element_type=\"container\">\n\t\t\t\t<\/div>\n\t\t<div class=\"elementor-element elementor-element-d8518a4 e-con-full e-flex e-con e-child\" data-id=\"d8518a4\" data-element_type=\"container\">\n\t\t\t\t<\/div>\n\t\t\t\t\t<\/div>\n\t\t\t\t<\/div>\n\t\t\t\t<section class=\"wd-negative-gap elementor-section elementor-top-section elementor-element elementor-element-7c20928 elementor-section-boxed elementor-section-height-default elementor-section-height-default\" data-id=\"7c20928\" data-element_type=\"section\" data-settings=\"{&quot;background_background&quot;:&quot;classic&quot;}\">\n\t\t\t\t\t\t\t<div class=\"elementor-background-overlay\"><\/div>\n\t\t\t\t\t\t\t<div class=\"elementor-container elementor-column-gap-default\">\n\t\t\t\t\t<div class=\"elementor-column elementor-col-100 elementor-top-column elementor-element elementor-element-3b0cf65c color-scheme-light\" data-id=\"3b0cf65c\" data-element_type=\"column\">\n\t\t\t<div class=\"elementor-widget-wrap elementor-element-populated\">\n\t\t\t\t\t\t<div class=\"elementor-element elementor-element-c64f197 elementor-widget elementor-widget-heading\" data-id=\"c64f197\" data-element_type=\"widget\" data-widget_type=\"heading.default\">\n\t\t\t\t<div class=\"elementor-widget-container\">\n\t\t\t<h1 class=\"elementor-heading-title elementor-size-default\">VOTRE MARKETPLACE <\/h1>\t\t<\/div>\n\t\t\t\t<\/div>\n\t\t\t\t<div class=\"elementor-element elementor-element-2846ac37 elementor-widget elementor-widget-wd_image_or_svg\" data-id=\"2846ac37\" data-element_type=\"widget\" data-widget_type=\"wd_image_or_svg.default\">\n\t\t\t\t<div class=\"elementor-widget-container\">\n\t\t\t\n\t\t<div class=\"wd-image text-center\">\n\t\t\t\t\t\t\t<a  href=\"http:\/\/shop.saintedeco.net\" aria-label=\"Image link\">\n\t\t\t\t\t\t\t\t<img decoding=\"async\" width=\"220\" height=\"220\" src=\"https:\/\/saintedeco.net\/wp-content\/uploads\/2024\/11\/tinywow_change_bg_photo_69279248.png\" class=\"attachment-full size-full\" alt=\"\" srcset=\"https:\/\/saintedeco.net\/wp-content\/uploads\/2024\/11\/tinywow_change_bg_photo_69279248.png 220w, https:\/\/saintedeco.net\/wp-content\/uploads\/2024\/11\/tinywow_change_bg_photo_69279248-150x150.png 150w\" sizes=\"(max-width: 220px) 100vw, 220px\" \/>\t\t\t\t\t\t\t<\/a>\n\t\t\t\t\t<\/div>\n\n\t\t\t\t<\/div>\n\t\t\t\t<\/div>\n\t\t\t\t<div class=\"elementor-element elementor-element-342be40 elementor-widget elementor-widget-heading\" data-id=\"342be40\" data-element_type=\"widget\" data-widget_type=\"heading.default\">\n\t\t\t\t<div class=\"elementor-widget-container\">\n\t\t\t<h1 class=\"elementor-heading-title elementor-size-default\"><a href=\"http:\/\/shop.saintedeco.net\">SHOP.SAINTEDECO.NET<\/a><\/h1>\t\t<\/div>\n\t\t\t\t<\/div>\n\t\t\t\t\t<\/div>\n\t\t<\/div>\n\t\t\t\t\t<\/div>\n\t\t<\/section>\n\t\t\t\t<\/div>\n\t\t","protected":false},"excerpt":{"rendered":"<p>A propos de SAINTEDECO \u00a0 DEPUIS 2019, NOUS ORGANISONS LE SALON INTERNATIONAL DE LA DECORATION D&rsquo;ABIDJAN Chaque \u00e9dition de SAINTEDECO<\/p>\n","protected":false},"author":1,"featured_media":0,"parent":0,"menu_order":0,"comment_status":"closed","ping_status":"closed","template":"","meta":{"footnotes":""},"class_list":["post-4400","page","type-page","status-publish","hentry"],"yoast_head":"<!-- This site is optimized with the Yoast SEO plugin v23.8 - https:\/\/yoast.com\/wordpress\/plugins\/seo\/ -->\n<title>About us - SAINTEDECO<\/title>\n<meta name=\"robots\" content=\"index, follow, max-snippet:-1, max-image-preview:large, max-video-preview:-1\" \/>\n<link rel=\"canonical\" href=\"https:\/\/saintedeco.net\/index.php\/about-us-3\/\" \/>\n<meta property=\"og:locale\" content=\"fr_FR\" \/>\n<meta property=\"og:type\" content=\"article\" \/>\n<meta property=\"og:title\" content=\"About us - SAINTEDECO\" \/>\n<meta property=\"og:description\" content=\"A propos de SAINTEDECO \u00a0 DEPUIS 2019, NOUS ORGANISONS LE SALON INTERNATIONAL DE LA DECORATION D&rsquo;ABIDJAN Chaque \u00e9dition de SAINTEDECO\" \/>\n<meta property=\"og:url\" content=\"https:\/\/saintedeco.net\/index.php\/about-us-3\/\" \/>\n<meta property=\"og:site_name\" content=\"SAINTEDECO\" \/>\n<meta property=\"article:modified_time\" content=\"2024-11-23T10:46:12+00:00\" \/>\n<meta property=\"og:image\" content=\"https:\/\/saintedeco.net\/wp-content\/uploads\/2024\/11\/452170380_1014903170644450_1197022820132614667_n.jpg\" \/>\n<meta name=\"twitter:card\" content=\"summary_large_image\" \/>\n<meta name=\"twitter:label1\" content=\"Dur\u00e9e de lecture estim\u00e9e\" \/>\n\t<meta name=\"twitter:data1\" content=\"2 minutes\" \/>\n<script type=\"application\/ld+json\" class=\"yoast-schema-graph\">{\"@context\":\"https:\/\/schema.org\",\"@graph\":[{\"@type\":\"WebPage\",\"@id\":\"https:\/\/saintedeco.net\/index.php\/about-us-3\/\",\"url\":\"https:\/\/saintedeco.net\/index.php\/about-us-3\/\",\"name\":\"About us - SAINTEDECO\",\"isPartOf\":{\"@id\":\"https:\/\/saintedeco.net\/#website\"},\"primaryImageOfPage\":{\"@id\":\"https:\/\/saintedeco.net\/index.php\/about-us-3\/#primaryimage\"},\"image\":{\"@id\":\"https:\/\/saintedeco.net\/index.php\/about-us-3\/#primaryimage\"},\"thumbnailUrl\":\"https:\/\/saintedeco.net\/wp-content\/uploads\/2024\/11\/452170380_1014903170644450_1197022820132614667_n.jpg\",\"datePublished\":\"2021-10-12T15:51:09+00:00\",\"dateModified\":\"2024-11-23T10:46:12+00:00\",\"breadcrumb\":{\"@id\":\"https:\/\/saintedeco.net\/index.php\/about-us-3\/#breadcrumb\"},\"inLanguage\":\"fr-FR\",\"potentialAction\":[{\"@type\":\"ReadAction\",\"target\":[\"https:\/\/saintedeco.net\/index.php\/about-us-3\/\"]}]},{\"@type\":\"ImageObject\",\"inLanguage\":\"fr-FR\",\"@id\":\"https:\/\/saintedeco.net\/index.php\/about-us-3\/#primaryimage\",\"url\":\"https:\/\/saintedeco.net\/wp-content\/uploads\/2024\/11\/452170380_1014903170644450_1197022820132614667_n.jpg\",\"contentUrl\":\"https:\/\/saintedeco.net\/wp-content\/uploads\/2024\/11\/452170380_1014903170644450_1197022820132614667_n.jpg\",\"width\":2048,\"height\":1365},{\"@type\":\"BreadcrumbList\",\"@id\":\"https:\/\/saintedeco.net\/index.php\/about-us-3\/#breadcrumb\",\"itemListElement\":[{\"@type\":\"ListItem\",\"position\":1,\"name\":\"Accueil\",\"item\":\"https:\/\/saintedeco.net\/\"},{\"@type\":\"ListItem\",\"position\":2,\"name\":\"About us\"}]},{\"@type\":\"WebSite\",\"@id\":\"https:\/\/saintedeco.net\/#website\",\"url\":\"https:\/\/saintedeco.net\/\",\"name\":\"SAINTEDECO\",\"description\":\"Salon International de la d\u00e9coration d&#039;abidjan\",\"publisher\":{\"@id\":\"https:\/\/saintedeco.net\/#organization\"},\"potentialAction\":[{\"@type\":\"SearchAction\",\"target\":{\"@type\":\"EntryPoint\",\"urlTemplate\":\"https:\/\/saintedeco.net\/?s={search_term_string}\"},\"query-input\":{\"@type\":\"PropertyValueSpecification\",\"valueRequired\":true,\"valueName\":\"search_term_string\"}}],\"inLanguage\":\"fr-FR\"},{\"@type\":\"Organization\",\"@id\":\"https:\/\/saintedeco.net\/#organization\",\"name\":\"SAINTEDECO\",\"url\":\"https:\/\/saintedeco.net\/\",\"logo\":{\"@type\":\"ImageObject\",\"inLanguage\":\"fr-FR\",\"@id\":\"https:\/\/saintedeco.net\/#\/schema\/logo\/image\/\",\"url\":\"https:\/\/saintedeco.net\/wp-content\/uploads\/2024\/11\/431887897_923205059814262_6890136117315170598_n.jpg\",\"contentUrl\":\"https:\/\/saintedeco.net\/wp-content\/uploads\/2024\/11\/431887897_923205059814262_6890136117315170598_n.jpg\",\"width\":2048,\"height\":1229,\"caption\":\"SAINTEDECO\"},\"image\":{\"@id\":\"https:\/\/saintedeco.net\/#\/schema\/logo\/image\/\"}}]}<\/script>\n<!-- \/ Yoast SEO plugin. -->","yoast_head_json":{"title":"About us - SAINTEDECO","robots":{"index":"index","follow":"follow","max-snippet":"max-snippet:-1","max-image-preview":"max-image-preview:large","max-video-preview":"max-video-preview:-1"},"canonical":"https:\/\/saintedeco.net\/index.php\/about-us-3\/","og_locale":"fr_FR","og_type":"article","og_title":"About us - SAINTEDECO","og_description":"A propos de SAINTEDECO \u00a0 DEPUIS 2019, NOUS ORGANISONS LE SALON INTERNATIONAL DE LA DECORATION D&rsquo;ABIDJAN Chaque \u00e9dition de SAINTEDECO","og_url":"https:\/\/saintedeco.net\/index.php\/about-us-3\/","og_site_name":"SAINTEDECO","article_modified_time":"2024-11-23T10:46:12+00:00","og_image":[{"url":"https:\/\/saintedeco.net\/wp-content\/uploads\/2024\/11\/452170380_1014903170644450_1197022820132614667_n.jpg"}],"twitter_card":"summary_large_image","twitter_misc":{"Dur\u00e9e de lecture estim\u00e9e":"2 minutes"},"schema":{"@context":"https:\/\/schema.org","@graph":[{"@type":"WebPage","@id":"https:\/\/saintedeco.net\/index.php\/about-us-3\/","url":"https:\/\/saintedeco.net\/index.php\/about-us-3\/","name":"About us - SAINTEDECO","isPartOf":{"@id":"https:\/\/saintedeco.net\/#website"},"primaryImageOfPage":{"@id":"https:\/\/saintedeco.net\/index.php\/about-us-3\/#primaryimage"},"image":{"@id":"https:\/\/saintedeco.net\/index.php\/about-us-3\/#primaryimage"},"thumbnailUrl":"https:\/\/saintedeco.net\/wp-content\/uploads\/2024\/11\/452170380_1014903170644450_1197022820132614667_n.jpg","datePublished":"2021-10-12T15:51:09+00:00","dateModified":"2024-11-23T10:46:12+00:00","breadcrumb":{"@id":"https:\/\/saintedeco.net\/index.php\/about-us-3\/#breadcrumb"},"inLanguage":"fr-FR","potentialAction":[{"@type":"ReadAction","target":["https:\/\/saintedeco.net\/index.php\/about-us-3\/"]}]},{"@type":"ImageObject","inLanguage":"fr-FR","@id":"https:\/\/saintedeco.net\/index.php\/about-us-3\/#primaryimage","url":"https:\/\/saintedeco.net\/wp-content\/uploads\/2024\/11\/452170380_1014903170644450_1197022820132614667_n.jpg","contentUrl":"https:\/\/saintedeco.net\/wp-content\/uploads\/2024\/11\/452170380_1014903170644450_1197022820132614667_n.jpg","width":2048,"height":1365},{"@type":"BreadcrumbList","@id":"https:\/\/saintedeco.net\/index.php\/about-us-3\/#breadcrumb","itemListElement":[{"@type":"ListItem","position":1,"name":"Accueil","item":"https:\/\/saintedeco.net\/"},{"@type":"ListItem","position":2,"name":"About us"}]},{"@type":"WebSite","@id":"https:\/\/saintedeco.net\/#website","url":"https:\/\/saintedeco.net\/","name":"SAINTEDECO","description":"Salon International de la d\u00e9coration d&#039;abidjan","publisher":{"@id":"https:\/\/saintedeco.net\/#organization"},"potentialAction":[{"@type":"SearchAction","target":{"@type":"EntryPoint","urlTemplate":"https:\/\/saintedeco.net\/?s={search_term_string}"},"query-input":{"@type":"PropertyValueSpecification","valueRequired":true,"valueName":"search_term_string"}}],"inLanguage":"fr-FR"},{"@type":"Organization","@id":"https:\/\/saintedeco.net\/#organization","name":"SAINTEDECO","url":"https:\/\/saintedeco.net\/","logo":{"@type":"ImageObject","inLanguage":"fr-FR","@id":"https:\/\/saintedeco.net\/#\/schema\/logo\/image\/","url":"https:\/\/saintedeco.net\/wp-content\/uploads\/2024\/11\/431887897_923205059814262_6890136117315170598_n.jpg","contentUrl":"https:\/\/saintedeco.net\/wp-content\/uploads\/2024\/11\/431887897_923205059814262_6890136117315170598_n.jpg","width":2048,"height":1229,"caption":"SAINTEDECO"},"image":{"@id":"https:\/\/saintedeco.net\/#\/schema\/logo\/image\/"}}]}},"jetpack_sharing_enabled":true,"_links":{"self":[{"href":"https:\/\/saintedeco.net\/index.php\/wp-json\/wp\/v2\/pages\/4400","targetHints":{"allow":["GET"]}}],"collection":[{"href":"https:\/\/saintedeco.net\/index.php\/wp-json\/wp\/v2\/pages"}],"about":[{"href":"https:\/\/saintedeco.net\/index.php\/wp-json\/wp\/v2\/types\/page"}],"author":[{"embeddable":true,"href":"https:\/\/saintedeco.net\/index.php\/wp-json\/wp\/v2\/users\/1"}],"replies":[{"embeddable":true,"href":"https:\/\/saintedeco.net\/index.php\/wp-json\/wp\/v2\/comments?post=4400"}],"version-history":[{"count":48,"href":"https:\/\/saintedeco.net\/index.php\/wp-json\/wp\/v2\/pages\/4400\/revisions"}],"predecessor-version":[{"id":16393,"href":"https:\/\/saintedeco.net\/index.php\/wp-json\/wp\/v2\/pages\/4400\/revisions\/16393"}],"wp:attachment":[{"href":"https:\/\/saintedeco.net\/index.php\/wp-json\/wp\/v2\/media?parent=4400"}],"curies":[{"name":"wp","href":"https:\/\/api.w.org\/{rel}","templated":true}]}}